{"id":11,"date":"2017-11-11T01:17:45","date_gmt":"2017-11-11T00:17:45","guid":{"rendered":"http:\/\/www.kulturmolnet.se\/?page_id=11"},"modified":"2018-03-02T11:58:28","modified_gmt":"2018-03-02T10:58:28","slug":"svenskscenkonst","status":"publish","type":"page","link":"https:\/\/www.kulturmolnet.se\/play\/svenskscenkonst\/","title":{"rendered":"Svensk Scenkonst &#8211; medlemssida"},"content":{"rendered":"<p><img loading=\"lazy\" decoding=\"async\" src=\"http:\/\/www.kulturmolnet.se\/wp-content\/uploads\/2017\/11\/svenskscenkonst-logo.png\" alt=\"\" width=\"354\" height=\"33\" class=\"alignnone size-full wp-image-13\" srcset=\"https:\/\/www.kulturmolnet.se\/play\/wp-content\/uploads\/2017\/11\/svenskscenkonst-logo.png 354w, https:\/\/www.kulturmolnet.se\/play\/wp-content\/uploads\/2017\/11\/svenskscenkonst-logo-300x28.png 300w\" sizes=\"auto, (max-width: 354px) 100vw, 354px\" \/><\/p>\n<p>V\u00e4lkommen till Svensk Scenkonsts medlemssidor!<br \/>\nH\u00e4r kan du se tidigare lives\u00e4ndningar och filmade seminarier. <\/p>\n<p><strong>Seminarium 18 oktober 2017:<\/strong><br \/>\n<a href=\"http:\/\/www.kulturmolnet.se\/svensk-scenkonst-18-okt-2017\/\">Nils Bergh om Dataskyddsf\u00f6rordningen >><\/a><br \/>\n<em>(l\u00f6senordsskyddad)<\/em><\/p>\n<p><strong>Seminarium 1 februari 2018:<\/strong><br \/>\n<a href=\"http:\/\/www.kulturmolnet.se\/svensk-scenkonst-1-feb-2018\/\">Kr\u00e4nkande s\u00e4rbehandling, Trakasserier och sexuella trakasserier >><\/a><br \/>\n<em>(l\u00f6senordsskyddad)<\/em><\/p>\n<hr \/>\n<p><em>F\u00f6r mer information, kontakta:<\/em><br \/>\n<strong>\u00c5sa Malmkvist<\/strong><br \/>\nAdministrativ koordinator<br \/>\nTelefon: 08-440 83 84<br \/>\nMobil: 070-608 04 08<br \/>\n<a href=\"mailto:asa.malmkvist@svenskscenkonst.se\">asa.malmkvist@svenskscenkonst.se<\/a><\/p>\n","protected":false},"excerpt":{"rendered":"<p>V\u00e4lkommen till Svensk Scenkonsts medlemssidor! H\u00e4r kan du se tidigare lives\u00e4ndningar och filmade seminarier. Seminarium 18 oktober 2017: Nils Bergh om Dataskyddsf\u00f6rordningen >> (l\u00f6senordsskyddad) Seminarium 1 februari 2018: Kr\u00e4nkande s\u00e4rbehandling, Trakasserier och sexuella trakasserier >> (l\u00f6senordsskyddad) F\u00f6r mer information, kontakta: \u00c5sa Malmkvist Administrativ koordinator Telefon: 08-440 83 84 Mobil: 070-608 04 08 asa.malmkvist@svenskscenkonst.se<\/p>\n","protected":false},"author":1,"featured_media":109,"parent":0,"menu_order":0,"comment_status":"closed","ping_status":"closed","template":"","meta":{"footnotes":""},"class_list":["post-11","page","type-page","status-publish","has-post-thumbnail"],"_links":{"self":[{"href":"https:\/\/www.kulturmolnet.se\/play\/wp-json\/wp\/v2\/pages\/11","targetHints":{"allow":["GET"]}}],"collection":[{"href":"https:\/\/www.kulturmolnet.se\/play\/wp-json\/wp\/v2\/pages"}],"about":[{"href":"https:\/\/www.kulturmolnet.se\/play\/wp-json\/wp\/v2\/types\/page"}],"author":[{"embeddable":true,"href":"https:\/\/www.kulturmolnet.se\/play\/wp-json\/wp\/v2\/users\/1"}],"replies":[{"embeddable":true,"href":"https:\/\/www.kulturmolnet.se\/play\/wp-json\/wp\/v2\/comments?post=11"}],"version-history":[{"count":7,"href":"https:\/\/www.kulturmolnet.se\/play\/wp-json\/wp\/v2\/pages\/11\/revisions"}],"predecessor-version":[{"id":148,"href":"https:\/\/www.kulturmolnet.se\/play\/wp-json\/wp\/v2\/pages\/11\/revisions\/148"}],"wp:featuredmedia":[{"embeddable":true,"href":"https:\/\/www.kulturmolnet.se\/play\/wp-json\/wp\/v2\/media\/109"}],"wp:attachment":[{"href":"https:\/\/www.kulturmolnet.se\/play\/wp-json\/wp\/v2\/media?parent=11"}],"curies":[{"name":"wp","href":"https:\/\/api.w.org\/{rel}","templated":true}]}}